{"id":561,"date":"2017-09-06T09:05:14","date_gmt":"2017-09-06T07:05:14","guid":{"rendered":"http:\/\/ciauniformes.com.mialias.net\/?page_id=561"},"modified":"2017-09-19T13:28:04","modified_gmt":"2017-09-19T11:28:04","slug":"le-podemos-ayudar","status":"publish","type":"page","link":"https:\/\/ciauniformes.com\/es\/le-podemos-ayudar\/","title":{"rendered":"\u00bfLe podemos ayudar?"},"content":{"rendered":"<div class=\"wpb-content-wrapper\"><p>[vc_row][vc_column width=\u00bb2\/3&#8243; el_class=\u00bbcolumna-interior-esquerra\u00bb][vc_column_text el_class=\u00bbtitol-icona\u00bb]<\/p>\n<h2>\u00bfLE PODEMOS AYUDAR?<\/h2>\n<p>[\/vc_column_text][vc_column_text]Disponemos de un equipo completamente dedicado a nuestros clientes. Companyia d\u2019Uniformes no s\u00f3lo fabricamos vestuario laboral, tambi\u00e9n te ayudamos en el proceso de dise\u00f1o y elecci\u00f3n del vestuario laboral as\u00ed como la elecci\u00f3n del equipo de protecci\u00f3n individual (EPI) m\u00e1s adecuado.<\/p>\n<p>&nbsp;<\/p>\n<h3>SOMOS FABRICANTES, SOMOS ASESORES<\/h3>\n<p>&nbsp;<\/p>\n<p>Puedes contactar con nosotros para resolver cualquier duda en vestuario laboral o EPIS de tu empresa, sea cual sea tu mercado o actividad. Somos una empresa que nos adaptamos a tus necesidades.[\/vc_column_text][vc_row_inner][vc_column_inner width=\u00bb1\/3&#8243;][vc_column_text]<strong>T\u00e9cnico<br \/>\n<\/strong>Desarrollo e integraci\u00f3n<br \/>\n<a href=\"mailto:tecnico@ciauniformes.com\">tecnico@ciauniformes.com<\/a><\/p>\n<p>[\/vc_column_text][\/vc_column_inner][vc_column_inner width=\u00bb1\/3&#8243;][vc_column_text]<strong>Soporte<br \/>\n<\/strong>Resoluci\u00f3n de incidencias y operaciones<br \/>\n<a href=\"mailto:comercial@ciauniformes.com\">comercial@ciauniformes.com<\/a><\/p>\n<p>[\/vc_column_text][\/vc_column_inner][vc_column_inner width=\u00bb1\/3&#8243;][vc_column_text]<strong>Administraci\u00f3n<br \/>\n<\/strong>Procesos y contrataci\u00f3n<br \/>\n<a href=\"mailto:adminsitracion@ciauniformes.com\">administracion@ciauniformes.com<\/a>[\/vc_column_text][\/vc_column_inner][\/vc_row_inner][vc_column_text css=\u00bb.vc_custom_1504535818854{margin-top: 0px !important;margin-bottom: 0px !important;border-top-width: 0px !important;border-bottom-width: 0px !important;padding-top: 0px !important;padding-bottom: 0px !important;border-top-color: #dd3333 !important;border-top-style: solid !important;border-bottom-color: #dd3333 !important;border-bottom-style: solid !important;}\u00bb]<img loading=\"lazy\" decoding=\"async\" class=\"aligncenter size-full wp-image-401\" src=\"http:\/\/ciauniformes.com\/wp-content\/uploads\/2017\/09\/siempre-apunto.jpg\" alt=\"Siempre a punto - Companyia d'unformes\" width=\"810\" height=\"450\" srcset=\"https:\/\/ciauniformes.com\/wp-content\/uploads\/2017\/09\/siempre-apunto.jpg 810w, https:\/\/ciauniformes.com\/wp-content\/uploads\/2017\/09\/siempre-apunto-300x167.jpg 300w, https:\/\/ciauniformes.com\/wp-content\/uploads\/2017\/09\/siempre-apunto-768x427.jpg 768w\" sizes=\"auto, (max-width: 810px) 100vw, 810px\" \/>[\/vc_column_text][\/vc_column][vc_column width=\u00bb1\/3&#8243; el_class=\u00bbcolumna-interior-dreta\u00bb css=\u00bb.vc_custom_1504609652550{margin-top: -15px !important;}\u00bb][vc_column_text]<\/p>\n<h4>\u00bfTe podemos ayudar?<\/h4>\n<p>En <strong>Companyia d\u2019Uniformes<\/strong> te acompa\u00f1amos en el asesoramiento y a encontrar la mejor soluci\u00f3n a tus necesidades.<\/p>\n<p>Ponte en contacto con nosotros, tienes a nuestros expertos disponibles para ayudarte.[\/vc_column_text]\n<div class=\"wpcf7 no-js\" id=\"wpcf7-f282-o1\" lang=\"es-ES\" dir=\"ltr\" data-wpcf7-id=\"282\">\n<div class=\"screen-reader-response\"><p role=\"status\" aria-live=\"polite\" aria-atomic=\"true\"><\/p> <ul><\/ul><\/div>\n<form action=\"\/es\/wp-json\/wp\/v2\/pages\/561#wpcf7-f282-o1\" method=\"post\" class=\"wpcf7-form init wpcf7-acceptance-as-validation\" aria-label=\"Formulario de contacto\" novalidate=\"novalidate\" data-status=\"init\">\n<fieldset class=\"hidden-fields-container\"><input type=\"hidden\" name=\"_wpcf7\" value=\"282\" \/><input type=\"hidden\" name=\"_wpcf7_version\" value=\"6.1.4\" \/><input type=\"hidden\" name=\"_wpcf7_locale\" value=\"es_ES\" \/><input type=\"hidden\" name=\"_wpcf7_unit_tag\" value=\"wpcf7-f282-o1\" \/><input type=\"hidden\" name=\"_wpcf7_container_post\" value=\"0\" \/><input type=\"hidden\" name=\"_wpcf7_posted_data_hash\" value=\"\" \/>\n<\/fieldset>\n<div class=\"formulari-interior\">\n\t<p><label> Persona de contacto<br \/>\n<span class=\"wpcf7-form-control-wrap\" data-name=\"persona\"><input size=\"40\" maxlength=\"400\" class=\"wpcf7-form-control wpcf7-text wpcf7-validates-as-required\" aria-required=\"true\" aria-invalid=\"false\" value=\"\" type=\"text\" name=\"persona\" \/><\/span> <\/label>\n\t<\/p>\n\t<p><label> Empresa<br \/>\n<span class=\"wpcf7-form-control-wrap\" data-name=\"empresa\"><input size=\"40\" maxlength=\"400\" class=\"wpcf7-form-control wpcf7-text wpcf7-validates-as-required\" aria-required=\"true\" aria-invalid=\"false\" value=\"\" type=\"text\" name=\"empresa\" \/><\/span> <\/label>\n\t<\/p>\n\t<p><label> Email<br \/>\n<span class=\"wpcf7-form-control-wrap\" data-name=\"email\"><input size=\"40\" maxlength=\"400\" class=\"wpcf7-form-control wpcf7-email wpcf7-validates-as-required wpcf7-text wpcf7-validates-as-email\" aria-required=\"true\" aria-invalid=\"false\" value=\"\" type=\"email\" name=\"email\" \/><\/span> <\/label>\n\t<\/p>\n\t<p><label> Tel\u00e9fono<br \/>\n<span class=\"wpcf7-form-control-wrap\" data-name=\"telefono\"><input size=\"40\" maxlength=\"400\" class=\"wpcf7-form-control wpcf7-text wpcf7-validates-as-required\" aria-required=\"true\" aria-invalid=\"false\" value=\"\" type=\"text\" name=\"telefono\" \/><\/span> <\/label>\n\t<\/p>\n\t<p><label> Consulta<br \/>\n<span class=\"wpcf7-form-control-wrap\" data-name=\"consulta\"><textarea cols=\"40\" rows=\"10\" maxlength=\"2000\" class=\"wpcf7-form-control wpcf7-textarea\" aria-invalid=\"false\" name=\"consulta\"><\/textarea><\/span> <\/label><br \/>\n<span class=\"wpcf7-form-control-wrap\" data-name=\"acceptance-652\"><span class=\"wpcf7-form-control wpcf7-acceptance\"><span class=\"wpcf7-list-item\"><input type=\"checkbox\" name=\"acceptance-652\" value=\"1\" aria-invalid=\"false\" \/><\/span><\/span><\/span> Acepto la <a href=\"notas-legales\/\" target=\"_blank\" style=\"color:#fff; text-decoration:underline;\">pol\u00edtica de privacidad<\/a><br \/>\n<input class=\"wpcf7-form-control wpcf7-submit has-spinner\" type=\"submit\" value=\"Enviar\" \/>\n\t<\/p>\n\t<div style=\"clear:both;\">\n\t<\/div>\n<\/div><p style=\"display: none !important;\" class=\"akismet-fields-container\" data-prefix=\"_wpcf7_ak_\"><label>&#916;<textarea name=\"_wpcf7_ak_hp_textarea\" cols=\"45\" rows=\"8\" maxlength=\"100\"><\/textarea><\/label><input type=\"hidden\" id=\"ak_js_1\" name=\"_wpcf7_ak_js\" value=\"96\"\/><script>document.getElementById( \"ak_js_1\" ).setAttribute( \"value\", ( new Date() ).getTime() );<\/script><\/p><div class=\"wpcf7-response-output\" aria-hidden=\"true\"><\/div>\n<\/form>\n<\/div>\n[\/vc_column][\/vc_row]<\/p>\n<\/div>","protected":false},"excerpt":{"rendered":"<p>[vc_row][vc_column width=\u00bb2\/3&#8243; el_class=\u00bbcolumna-interior-esquerra\u00bb][vc_column_text el_class=\u00bbtitol-icona\u00bb] \u00bfLE PODEMOS AYUDAR? [\/vc_column_text][vc_column_text]Disponemos de un equipo completamente dedicado a nuestros clientes. Companyia d\u2019Uniformes no s\u00f3lo fabricamos vestuario laboral, tambi\u00e9n te ayudamos en el proceso de dise\u00f1o y elecci\u00f3n del vestuario laboral as\u00ed como la elecci\u00f3n del equipo de protecci\u00f3n individual (EPI) m\u00e1s adecuado. &nbsp; SOMOS FABRICANTES, SOMOS ASESORES &nbsp; Puedes [&hellip;]<\/p>\n","protected":false},"author":1,"featured_media":439,"parent":0,"menu_order":0,"comment_status":"closed","ping_status":"closed","template":"","meta":{"footnotes":""},"class_list":["post-561","page","type-page","status-publish","has-post-thumbnail","hentry"],"yoast_head":"<!-- This site is optimized with the Yoast SEO plugin v26.6 - https:\/\/yoast.com\/wordpress\/plugins\/seo\/ -->\n<title>\u00bfLe podemos ayudar? - Companyia d&#039;Uniformes<\/title>\n<meta name=\"robots\" content=\"index, follow, max-snippet:-1, max-image-preview:large, max-video-preview:-1\" \/>\n<link rel=\"canonical\" href=\"https:\/\/ciauniformes.com\/es\/le-podemos-ayudar\/\" \/>\n<meta property=\"og:locale\" content=\"es_ES\" \/>\n<meta property=\"og:type\" content=\"article\" \/>\n<meta property=\"og:title\" content=\"\u00bfLe podemos ayudar? - Companyia d&#039;Uniformes\" \/>\n<meta property=\"og:description\" content=\"[vc_row][vc_column width=\u00bb2\/3&#8243; el_class=\u00bbcolumna-interior-esquerra\u00bb][vc_column_text el_class=\u00bbtitol-icona\u00bb] \u00bfLE PODEMOS AYUDAR? [\/vc_column_text][vc_column_text]Disponemos de un equipo completamente dedicado a nuestros clientes. Companyia d\u2019Uniformes no s\u00f3lo fabricamos vestuario laboral, tambi\u00e9n te ayudamos en el proceso de dise\u00f1o y elecci\u00f3n del vestuario laboral as\u00ed como la elecci\u00f3n del equipo de protecci\u00f3n individual (EPI) m\u00e1s adecuado. &nbsp; SOMOS FABRICANTES, SOMOS ASESORES &nbsp; Puedes [&hellip;]\" \/>\n<meta property=\"og:url\" content=\"https:\/\/ciauniformes.com\/es\/le-podemos-ayudar\/\" \/>\n<meta property=\"og:site_name\" content=\"Companyia d&#039;Uniformes\" \/>\n<meta property=\"article:modified_time\" content=\"2017-09-19T11:28:04+00:00\" \/>\n<meta property=\"og:image\" content=\"https:\/\/ciauniformes.com\/wp-content\/uploads\/2017\/09\/banner-calzado.jpg\" \/>\n\t<meta property=\"og:image:width\" content=\"1920\" \/>\n\t<meta property=\"og:image:height\" content=\"560\" \/>\n\t<meta property=\"og:image:type\" content=\"image\/jpeg\" \/>\n<meta name=\"twitter:card\" content=\"summary_large_image\" \/>\n<meta name=\"twitter:label1\" content=\"Tiempo de lectura\" \/>\n\t<meta name=\"twitter:data1\" content=\"1 minuto\" \/>\n<script type=\"application\/ld+json\" class=\"yoast-schema-graph\">{\"@context\":\"https:\/\/schema.org\",\"@graph\":[{\"@type\":\"WebPage\",\"@id\":\"https:\/\/ciauniformes.com\/es\/le-podemos-ayudar\/\",\"url\":\"https:\/\/ciauniformes.com\/es\/le-podemos-ayudar\/\",\"name\":\"\u00bfLe podemos ayudar? - Companyia d&#039;Uniformes\",\"isPartOf\":{\"@id\":\"https:\/\/ciauniformes.com\/es\/#website\"},\"primaryImageOfPage\":{\"@id\":\"https:\/\/ciauniformes.com\/es\/le-podemos-ayudar\/#primaryimage\"},\"image\":{\"@id\":\"https:\/\/ciauniformes.com\/es\/le-podemos-ayudar\/#primaryimage\"},\"thumbnailUrl\":\"https:\/\/ciauniformes.com\/wp-content\/uploads\/2017\/09\/banner-calzado.jpg\",\"datePublished\":\"2017-09-06T07:05:14+00:00\",\"dateModified\":\"2017-09-19T11:28:04+00:00\",\"breadcrumb\":{\"@id\":\"https:\/\/ciauniformes.com\/es\/le-podemos-ayudar\/#breadcrumb\"},\"inLanguage\":\"es\",\"potentialAction\":[{\"@type\":\"ReadAction\",\"target\":[\"https:\/\/ciauniformes.com\/es\/le-podemos-ayudar\/\"]}]},{\"@type\":\"ImageObject\",\"inLanguage\":\"es\",\"@id\":\"https:\/\/ciauniformes.com\/es\/le-podemos-ayudar\/#primaryimage\",\"url\":\"https:\/\/ciauniformes.com\/wp-content\/uploads\/2017\/09\/banner-calzado.jpg\",\"contentUrl\":\"https:\/\/ciauniformes.com\/wp-content\/uploads\/2017\/09\/banner-calzado.jpg\",\"width\":1920,\"height\":560},{\"@type\":\"BreadcrumbList\",\"@id\":\"https:\/\/ciauniformes.com\/es\/le-podemos-ayudar\/#breadcrumb\",\"itemListElement\":[{\"@type\":\"ListItem\",\"position\":1,\"name\":\"Home\",\"item\":\"https:\/\/ciauniformes.com\/es\/\"},{\"@type\":\"ListItem\",\"position\":2,\"name\":\"\u00bfLe podemos ayudar?\"}]},{\"@type\":\"WebSite\",\"@id\":\"https:\/\/ciauniformes.com\/es\/#website\",\"url\":\"https:\/\/ciauniformes.com\/es\/\",\"name\":\"Companyia d&#039;Uniformes\",\"description\":\"Vestuario laboral y equipamiento de protecci\u00f3n\",\"potentialAction\":[{\"@type\":\"SearchAction\",\"target\":{\"@type\":\"EntryPoint\",\"urlTemplate\":\"https:\/\/ciauniformes.com\/es\/?s={search_term_string}\"},\"query-input\":{\"@type\":\"PropertyValueSpecification\",\"valueRequired\":true,\"valueName\":\"search_term_string\"}}],\"inLanguage\":\"es\"}]}<\/script>\n<!-- \/ Yoast SEO plugin. -->","yoast_head_json":{"title":"\u00bfLe podemos ayudar? - Companyia d&#039;Uniformes","robots":{"index":"index","follow":"follow","max-snippet":"max-snippet:-1","max-image-preview":"max-image-preview:large","max-video-preview":"max-video-preview:-1"},"canonical":"https:\/\/ciauniformes.com\/es\/le-podemos-ayudar\/","og_locale":"es_ES","og_type":"article","og_title":"\u00bfLe podemos ayudar? - Companyia d&#039;Uniformes","og_description":"[vc_row][vc_column width=\u00bb2\/3&#8243; el_class=\u00bbcolumna-interior-esquerra\u00bb][vc_column_text el_class=\u00bbtitol-icona\u00bb] \u00bfLE PODEMOS AYUDAR? [\/vc_column_text][vc_column_text]Disponemos de un equipo completamente dedicado a nuestros clientes. Companyia d\u2019Uniformes no s\u00f3lo fabricamos vestuario laboral, tambi\u00e9n te ayudamos en el proceso de dise\u00f1o y elecci\u00f3n del vestuario laboral as\u00ed como la elecci\u00f3n del equipo de protecci\u00f3n individual (EPI) m\u00e1s adecuado. &nbsp; SOMOS FABRICANTES, SOMOS ASESORES &nbsp; Puedes [&hellip;]","og_url":"https:\/\/ciauniformes.com\/es\/le-podemos-ayudar\/","og_site_name":"Companyia d&#039;Uniformes","article_modified_time":"2017-09-19T11:28:04+00:00","og_image":[{"width":1920,"height":560,"url":"https:\/\/ciauniformes.com\/wp-content\/uploads\/2017\/09\/banner-calzado.jpg","type":"image\/jpeg"}],"twitter_card":"summary_large_image","twitter_misc":{"Tiempo de lectura":"1 minuto"},"schema":{"@context":"https:\/\/schema.org","@graph":[{"@type":"WebPage","@id":"https:\/\/ciauniformes.com\/es\/le-podemos-ayudar\/","url":"https:\/\/ciauniformes.com\/es\/le-podemos-ayudar\/","name":"\u00bfLe podemos ayudar? - Companyia d&#039;Uniformes","isPartOf":{"@id":"https:\/\/ciauniformes.com\/es\/#website"},"primaryImageOfPage":{"@id":"https:\/\/ciauniformes.com\/es\/le-podemos-ayudar\/#primaryimage"},"image":{"@id":"https:\/\/ciauniformes.com\/es\/le-podemos-ayudar\/#primaryimage"},"thumbnailUrl":"https:\/\/ciauniformes.com\/wp-content\/uploads\/2017\/09\/banner-calzado.jpg","datePublished":"2017-09-06T07:05:14+00:00","dateModified":"2017-09-19T11:28:04+00:00","breadcrumb":{"@id":"https:\/\/ciauniformes.com\/es\/le-podemos-ayudar\/#breadcrumb"},"inLanguage":"es","potentialAction":[{"@type":"ReadAction","target":["https:\/\/ciauniformes.com\/es\/le-podemos-ayudar\/"]}]},{"@type":"ImageObject","inLanguage":"es","@id":"https:\/\/ciauniformes.com\/es\/le-podemos-ayudar\/#primaryimage","url":"https:\/\/ciauniformes.com\/wp-content\/uploads\/2017\/09\/banner-calzado.jpg","contentUrl":"https:\/\/ciauniformes.com\/wp-content\/uploads\/2017\/09\/banner-calzado.jpg","width":1920,"height":560},{"@type":"BreadcrumbList","@id":"https:\/\/ciauniformes.com\/es\/le-podemos-ayudar\/#breadcrumb","itemListElement":[{"@type":"ListItem","position":1,"name":"Home","item":"https:\/\/ciauniformes.com\/es\/"},{"@type":"ListItem","position":2,"name":"\u00bfLe podemos ayudar?"}]},{"@type":"WebSite","@id":"https:\/\/ciauniformes.com\/es\/#website","url":"https:\/\/ciauniformes.com\/es\/","name":"Companyia d&#039;Uniformes","description":"Vestuario laboral y equipamiento de protecci\u00f3n","potentialAction":[{"@type":"SearchAction","target":{"@type":"EntryPoint","urlTemplate":"https:\/\/ciauniformes.com\/es\/?s={search_term_string}"},"query-input":{"@type":"PropertyValueSpecification","valueRequired":true,"valueName":"search_term_string"}}],"inLanguage":"es"}]}},"_links":{"self":[{"href":"https:\/\/ciauniformes.com\/es\/wp-json\/wp\/v2\/pages\/561","targetHints":{"allow":["GET"]}}],"collection":[{"href":"https:\/\/ciauniformes.com\/es\/wp-json\/wp\/v2\/pages"}],"about":[{"href":"https:\/\/ciauniformes.com\/es\/wp-json\/wp\/v2\/types\/page"}],"author":[{"embeddable":true,"href":"https:\/\/ciauniformes.com\/es\/wp-json\/wp\/v2\/users\/1"}],"replies":[{"embeddable":true,"href":"https:\/\/ciauniformes.com\/es\/wp-json\/wp\/v2\/comments?post=561"}],"version-history":[{"count":5,"href":"https:\/\/ciauniformes.com\/es\/wp-json\/wp\/v2\/pages\/561\/revisions"}],"predecessor-version":[{"id":869,"href":"https:\/\/ciauniformes.com\/es\/wp-json\/wp\/v2\/pages\/561\/revisions\/869"}],"wp:featuredmedia":[{"embeddable":true,"href":"https:\/\/ciauniformes.com\/es\/wp-json\/wp\/v2\/media\/439"}],"wp:attachment":[{"href":"https:\/\/ciauniformes.com\/es\/wp-json\/wp\/v2\/media?parent=561"}],"curies":[{"name":"wp","href":"https:\/\/api.w.org\/{rel}","templated":true}]}}